{"id":10144,"date":"2024-10-16T15:48:02","date_gmt":"2024-10-16T13:48:02","guid":{"rendered":"http:\/\/www.florian-bergmann.com\/wordpress\/?page_id=10144"},"modified":"2026-01-13T11:25:23","modified_gmt":"2026-01-13T09:25:23","slug":"unterricht","status":"publish","type":"page","link":"http:\/\/www.florian-bergmann.com\/wordpress\/unterricht\/","title":{"rendered":"Unterricht"},"content":{"rendered":"\t\t<div data-elementor-type=\"wp-page\" data-elementor-id=\"10144\" class=\"elementor elementor-10144\">\n\t\t\t\t\t\t<section class=\"elementor-section elementor-top-section elementor-element elementor-element-2b7cf12 elementor-section-full_width qodef-overflow--visible elementor-section-height-default elementor-section-height-default qodef-elementor-content-no\" data-id=\"2b7cf12\" data-element_type=\"section\" data-settings=\"{&quot;background_background&quot;:&quot;classic&quot;}\">\n\t\t\t\t\t\t<div class=\"elementor-container elementor-column-gap-default\">\n\t\t\t\t\t<div class=\"elementor-column elementor-col-100 elementor-top-column elementor-element elementor-element-0475775\" data-id=\"0475775\" data-element_type=\"column\">\n\t\t\t<div class=\"elementor-widget-wrap elementor-element-populated\">\n\t\t\t\t\t\t<div class=\"elementor-element elementor-element-579bf6d elementor-widget__width-auto elementor-widget elementor-widget-lorne_core_section_title\" data-id=\"579bf6d\" data-element_type=\"widget\" data-widget_type=\"lorne_core_section_title.default\">\n\t\t\t\t<div class=\"elementor-widget-container\">\n\t\t\t\t\t<div class=\"qodef-shortcode qodef-m  qodef-section-title qodef-alignment--right  qodef--has-appear\">\n\t\t\t<span class=\"qodef-m-title\" style=\"font-weight: 200\">\n\t\t\t\t\tSaxophon- <i>und<br \/><\/i> <i>Klarinettenunterricht<\/i> <img decoding=\"async\" src=\"\" alt=\"\" \/>\t\t\t<\/span>\n\t\t<\/div>\n\t\t\t\t<\/div>\n\t\t\t\t<\/div>\n\t\t\t\t\t<\/div>\n\t\t<\/div>\n\t\t\t\t\t<\/div>\n\t\t<\/section>\n\t\t\t\t<section class=\"elementor-section elementor-top-section elementor-element elementor-element-93ba571 elementor-section-boxed elementor-section-height-default elementor-section-height-default qodef-elementor-content-no\" data-id=\"93ba571\" data-element_type=\"section\" data-settings=\"{&quot;background_background&quot;:&quot;classic&quot;}\">\n\t\t\t\t\t\t<div class=\"elementor-container elementor-column-gap-default\">\n\t\t\t\t\t<div class=\"elementor-column elementor-col-100 elementor-top-column elementor-element elementor-element-2f7a302\" data-id=\"2f7a302\" data-element_type=\"column\">\n\t\t\t<div class=\"elementor-widget-wrap elementor-element-populated\">\n\t\t\t\t\t\t<div class=\"elementor-element elementor-element-7dbc4a9 elementor-widget elementor-widget-spacer\" data-id=\"7dbc4a9\" data-element_type=\"widget\" data-widget_type=\"spacer.default\">\n\t\t\t\t<div class=\"elementor-widget-container\">\n\t\t\t\t\t\t\t<div class=\"elementor-spacer\">\n\t\t\t<div class=\"elementor-spacer-inner\"><\/div>\n\t\t<\/div>\n\t\t\t\t\t\t<\/div>\n\t\t\t\t<\/div>\n\t\t\t\t<div class=\"elementor-element elementor-element-08c6f3c elementor-widget elementor-widget-qi_addons_for_elementor_highlight\" data-id=\"08c6f3c\" data-element_type=\"widget\" data-widget_type=\"qi_addons_for_elementor_highlight.default\">\n\t\t\t\t<div class=\"elementor-widget-container\">\n\t\t\t\t\t<p class=\"qodef-shortcode qodef-m qodef-qi-highlight qodef-highlight-style--color\" >\n\tIch biete Saxophon- und Klarinettenunterricht f\u00fcr jedes Niveau und Alter in meinem sch\u00f6nen Proberaum in <b>Berlin-Kreuzberg<\/b> an.<\/p>\n\t\t\t\t<\/div>\n\t\t\t\t<\/div>\n\t\t<div class=\"elementor-element elementor-element-6fba203 e-flex e-con-boxed e-con e-parent\" data-id=\"6fba203\" data-element_type=\"container\">\n\t\t\t\t\t<div class=\"e-con-inner\">\n\t\t<div class=\"elementor-element elementor-element-3e51077 e-grid e-con-full e-con e-child\" data-id=\"3e51077\" data-element_type=\"container\">\n\t\t\t\t<div class=\"elementor-element elementor-element-905f636 elementor-widget elementor-widget-text-editor\" data-id=\"905f636\" data-element_type=\"widget\" data-widget_type=\"text-editor.default\">\n\t\t\t\t<div class=\"elementor-widget-container\">\n\t\t\t\t\t\t\t\t\t<p>Ich bin Florian Bergmann (geboren 1984 in Berlin) und habe von 2004 bis 2009 an der Hochschule f\u00fcr Musik \u201eHanns Eisler\u201c und an der Universit\u00e4t der K\u00fcnste Berlin Saxophon und Klarinette studiert. Seitdem bin ich als Instrumentallehrer und als freischaffender Musiker t\u00e4tig. <br \/>Mir ist es wichtig, <strong>f\u00fcr jede*n Sch\u00fcler*in ein individuelles Lern- und \u00dcbekonzept zu entwickeln<\/strong>, das seine*ihre Kreativit\u00e4t und Musikalit\u00e4t f\u00f6rdert. Die Freude am Musizieren und Entdecken steht dabei im Vordergrund, wobei die motorische und technische Entwicklung durch regelm\u00e4\u00dfiges \u00dcben ganz selbstverst\u00e4ndlich integriert wird.<\/p><p>Schwerpunkte des Unterrichts sind:<\/p><ul><li>Kennenlernen eines breiten Repertoires verschiedener Stile und Epochen<\/li><li>Technische \u00dcbungen zur Verbesserung des Sounds, der Fingerkoordination und Intonation<\/li><li>Erlernen einer gesunden und nat\u00fcrlichen Atmung<\/li><li>Geh\u00f6rbildung und theoretische Hintergr\u00fcnde<\/li><li>Improvisation<\/li><\/ul>\t\t\t\t\t\t\t\t<\/div>\n\t\t\t\t<\/div>\n\t\t\t\t<div class=\"elementor-element elementor-element-23aa946 elementor-widget elementor-widget-image\" data-id=\"23aa946\" data-element_type=\"widget\" data-widget_type=\"image.default\">\n\t\t\t\t<div class=\"elementor-widget-container\">\n\t\t\t\t\t\t\t\t\t\t\t\t\t\t\t<img fetchpriority=\"high\" decoding=\"async\" width=\"400\" height=\"600\" src=\"http:\/\/www.florian-bergmann.com\/wordpress\/wp-content\/uploads\/2024\/10\/240815_Florian_0860-Edit-400x600.jpg\" class=\"attachment-large size-large wp-image-10052\" alt=\"\" srcset=\"http:\/\/www.florian-bergmann.com\/wordpress\/wp-content\/uploads\/2024\/10\/240815_Florian_0860-Edit-400x600.jpg 400w, http:\/\/www.florian-bergmann.com\/wordpress\/wp-content\/uploads\/2024\/10\/240815_Florian_0860-Edit-1365x2048.jpg 1365w, http:\/\/www.florian-bergmann.com\/wordpress\/wp-content\/uploads\/2024\/10\/240815_Florian_0860-Edit-210x315.jpg 210w, http:\/\/www.florian-bergmann.com\/wordpress\/wp-content\/uploads\/2024\/10\/240815_Florian_0860-Edit-768x1152.jpg 768w, http:\/\/www.florian-bergmann.com\/wordpress\/wp-content\/uploads\/2024\/10\/240815_Florian_0860-Edit-1024x1536.jpg 1024w, http:\/\/www.florian-bergmann.com\/wordpress\/wp-content\/uploads\/2024\/10\/240815_Florian_0860-Edit-800x1200.jpg 800w, http:\/\/www.florian-bergmann.com\/wordpress\/wp-content\/uploads\/2024\/10\/240815_Florian_0860-Edit-scaled.jpg 1707w\" sizes=\"(max-width: 400px) 100vw, 400px\" \/>\t\t\t\t\t\t\t\t\t\t\t\t\t\t\t<\/div>\n\t\t\t\t<\/div>\n\t\t\t\t<div class=\"elementor-element elementor-element-3217814 fb-list elementor-widget elementor-widget-text-editor\" data-id=\"3217814\" data-element_type=\"widget\" data-widget_type=\"text-editor.default\">\n\t\t\t\t<div class=\"elementor-widget-container\">\n\t\t\t\t\t\t\t\t\t<h3>Instrumentalunterricht<\/h3><h5>seit 2008<\/h5><p>Privater Instrumentalunterricht mit Kindern, Jugendlichen und Erwachsenen<\/p><h5>2006\u20132008<\/h5><p>Musikschule \u201ePiano e Forte\u201c Berlin-Reinickendorf<\/p><h5>2006\u20132009<\/h5><p>Tutor an der HfM \u201eHanns Eisler\u201c Berlin<\/p><h5>2007\u20132010<\/h5><p>Neue Musikschule Berlin<\/p><h5>2009\u20132016<\/h5><p>Einzel- und Gruppenunterricht im Rahmen der \u201eYamaha Bl\u00e4serklasse\u201c am Gymnasium Scharfenberg<\/p><h5>seit 2018<\/h5><p>Privatunterricht in Berlin-Kreuzberg<\/p><h5>2024\/25<\/h5><p>Berlin Cosmopolitan School<\/p><h5>2024\/25<\/h5><p>Musikschule Holz &amp; Blech<\/p><h5>seit 2025<\/h5><p>Staatliche Musikschule Kreuzberg-Friedrichshain\u00a0<\/p><p>\u00a0<\/p>\t\t\t\t\t\t\t\t<\/div>\n\t\t\t\t<\/div>\n\t\t\t\t<\/div>\n\t\t\t\t\t<\/div>\n\t\t\t\t<\/div>\n\t\t\t\t<div class=\"elementor-element elementor-element-3668225 elementor-widget elementor-widget-spacer\" data-id=\"3668225\" data-element_type=\"widget\" data-widget_type=\"spacer.default\">\n\t\t\t\t<div class=\"elementor-widget-container\">\n\t\t\t\t\t\t\t<div class=\"elementor-spacer\">\n\t\t\t<div class=\"elementor-spacer-inner\"><\/div>\n\t\t<\/div>\n\t\t\t\t\t\t<\/div>\n\t\t\t\t<\/div>\n\t\t\t\t<div class=\"elementor-element elementor-element-6bb4e0e elementor-widget elementor-widget-text-editor\" data-id=\"6bb4e0e\" data-element_type=\"widget\" data-widget_type=\"text-editor.default\">\n\t\t\t\t<div class=\"elementor-widget-container\">\n\t\t\t\t\t\t\t\t\t<p>Gerne k\u00f6nnen wir uns zu einer kostenlosen Probestunde treffen.<\/p>\t\t\t\t\t\t\t\t<\/div>\n\t\t\t\t<\/div>\n\t\t\t\t\t<\/div>\n\t\t<\/div>\n\t\t\t\t\t<\/div>\n\t\t<\/section>\n\t\t\t\t<section class=\"elementor-section elementor-top-section elementor-element elementor-element-89a582f elementor-section-boxed elementor-section-height-default elementor-section-height-default qodef-elementor-content-no\" data-id=\"89a582f\" data-element_type=\"section\" data-settings=\"{&quot;background_background&quot;:&quot;classic&quot;}\">\n\t\t\t\t\t\t<div class=\"elementor-container elementor-column-gap-default\">\n\t\t\t\t\t<div class=\"elementor-column elementor-col-100 elementor-top-column elementor-element elementor-element-2086ffc\" data-id=\"2086ffc\" data-element_type=\"column\">\n\t\t\t<div class=\"elementor-widget-wrap elementor-element-populated\">\n\t\t\t\t\t\t<div class=\"elementor-element elementor-element-195143d elementor-widget elementor-widget-lorne_core_section_title\" data-id=\"195143d\" data-element_type=\"widget\" data-widget_type=\"lorne_core_section_title.default\">\n\t\t\t\t<div class=\"elementor-widget-container\">\n\t\t\t\t\t<div class=\"qodef-shortcode qodef-m  qodef-section-title qodef-alignment--left  \">\n\t\t\t<h2 class=\"qodef-m-title\" style=\"font-weight: 300\">\n\t\t\t\t\tKontakt\t\t\t<\/h2>\n\t\t<\/div>\n\t\t\t\t<\/div>\n\t\t\t\t<\/div>\n\t\t\t\t<div class=\"elementor-element elementor-element-dcc6834 elementor-widget elementor-widget-lorne_core_accordion\" data-id=\"dcc6834\" data-element_type=\"widget\" data-widget_type=\"lorne_core_accordion.default\">\n\t\t\t\t<div class=\"elementor-widget-container\">\n\t\t\t\t\t<div class=\"qodef-shortcode qodef-m  qodef-accordion clear qodef-behavior--accordion qodef-layout--simple\">\n\t<h4 class=\"qodef-accordion-title\">\n\t<span class=\"qodef-tab-title\"><\/span>\n\t<span class=\"qodef-accordion-mark\">\n\t\t<svg class=\"qodef-svg--arrow\" xmlns=\"http:\/\/www.w3.org\/2000\/svg\" viewBox=\"0 0 164 153.7\" style=\"enable-background:new 0 0 164 153.7;\" xml:space=\"preserve\"><path d=\"M0 76.8h164 \"\/><path d=\"M82.9.2c22.5 61.5 70 73.1 81 76 2.7.7-47.5 4.5-68-32.1C85.5 25.6 81.8-2.7 82.9.2z\"\/><path d=\"M82.9 153.5c22.5-61.5 70-73.1 81-76 2.7-.7-47.5-4.5-68 32.1-10.4 18.4-14.1 46.8-13 43.9z\"\/><\/svg>\t<\/span>\n<\/h4>\n<div class=\"qodef-accordion-content\">\n\t<div class=\"qodef-accordion-content-inner\">\n\t\t<p>Florian Bergmann<br \/>Berthelsdorfer Str. 9<br \/>12043 Berlin<\/p><hr \/>\t<\/div>\n<\/div>\n<\/div>\n\t\t\t\t<\/div>\n\t\t\t\t<\/div>\n\t\t\t\t<div class=\"elementor-element elementor-element-d594974 elementor-widget elementor-widget-lorne_core_social_links\" data-id=\"d594974\" data-element_type=\"widget\" data-widget_type=\"lorne_core_social_links.default\">\n\t\t\t\t<div class=\"elementor-widget-container\">\n\t\t\t\t\t<div class=\"qodef-shortcode qodef-m  qodef-social-links \">\n\t<div class=\"qodef-m-social-links\">\n\t\t\t\t\t<a itemprop=\"url\" class=\"qodef-m-social-link qodef-e\" href=\"mailto:info@florian-bergmann.com\" target=\"_blank\">\n\t\t\t\t<span class=\"qodef-e-social-text\">E-Mail<\/span>\n\t\t\t\t<span class=\"qodef-icon--textual-svg\">\n\t\t\t\t\t<svg class=\"qodef-svg--social-hover\" xmlns=\"http:\/\/www.w3.org\/2000\/svg\" xmlns:xlink=\"http:\/\/www.w3.org\/1999\/xlink\" viewBox=\"0 0 27.829 16.196\"><path d=\"M-3494.646,10006.939s-16.375-.069-16.628-6.6,14.006-6.936,14.006-6.936,12.823.4,12.819,6.936-14.151,8.265-14.151,8.265\" transform=\"translate(3511.778 -9992.899)\" \/><\/svg>\t\t\t\t<\/span>\n\t\t\t<\/a>\n\t\t\t\t\t<a itemprop=\"url\" class=\"qodef-m-social-link qodef-e\" href=\"https:\/\/www.youtube.com\/channel\/UC6E4QW358PDoqgJk2ZJCcWQ\" target=\"_blank\">\n\t\t\t\t<span class=\"qodef-e-social-text\">Youtube<\/span>\n\t\t\t\t<span class=\"qodef-icon--textual-svg\">\n\t\t\t\t\t<svg class=\"qodef-svg--social-hover\" xmlns=\"http:\/\/www.w3.org\/2000\/svg\" xmlns:xlink=\"http:\/\/www.w3.org\/1999\/xlink\" viewBox=\"0 0 27.829 16.196\"><path d=\"M-3494.646,10006.939s-16.375-.069-16.628-6.6,14.006-6.936,14.006-6.936,12.823.4,12.819,6.936-14.151,8.265-14.151,8.265\" transform=\"translate(3511.778 -9992.899)\" \/><\/svg>\t\t\t\t<\/span>\n\t\t\t<\/a>\n\t\t\t\t\t<a itemprop=\"url\" class=\"qodef-m-social-link qodef-e\" href=\"https:\/\/www.facebook.com\/florian.bergmann.9237\" target=\"_blank\">\n\t\t\t\t<span class=\"qodef-e-social-text\">Facebook<\/span>\n\t\t\t\t<span class=\"qodef-icon--textual-svg\">\n\t\t\t\t\t<svg class=\"qodef-svg--social-hover\" xmlns=\"http:\/\/www.w3.org\/2000\/svg\" xmlns:xlink=\"http:\/\/www.w3.org\/1999\/xlink\" viewBox=\"0 0 27.829 16.196\"><path d=\"M-3494.646,10006.939s-16.375-.069-16.628-6.6,14.006-6.936,14.006-6.936,12.823.4,12.819,6.936-14.151,8.265-14.151,8.265\" transform=\"translate(3511.778 -9992.899)\" \/><\/svg>\t\t\t\t<\/span>\n\t\t\t<\/a>\n\t\t\t\t\t<a itemprop=\"url\" class=\"qodef-m-social-link qodef-e\" href=\"https:\/\/www.instagram.com\/florian.bergmann_composer\" target=\"_blank\">\n\t\t\t\t<span class=\"qodef-e-social-text\">Instagram<\/span>\n\t\t\t\t<span class=\"qodef-icon--textual-svg\">\n\t\t\t\t\t<svg class=\"qodef-svg--social-hover\" xmlns=\"http:\/\/www.w3.org\/2000\/svg\" xmlns:xlink=\"http:\/\/www.w3.org\/1999\/xlink\" viewBox=\"0 0 27.829 16.196\"><path d=\"M-3494.646,10006.939s-16.375-.069-16.628-6.6,14.006-6.936,14.006-6.936,12.823.4,12.819,6.936-14.151,8.265-14.151,8.265\" transform=\"translate(3511.778 -9992.899)\" \/><\/svg>\t\t\t\t<\/span>\n\t\t\t<\/a>\n\t\t\t<\/div>\n<\/div>\n\t\t\t\t<\/div>\n\t\t\t\t<\/div>\n\t\t\t\t\t<\/div>\n\t\t<\/div>\n\t\t\t\t\t<\/div>\n\t\t<\/section>\n\t\t\t\t<\/div>\n\t\t","protected":false},"excerpt":{"rendered":"<p>Saxophon- und Klarinettenunterricht Ich biete Saxophon- und Klarinettenunterricht f\u00fcr jedes Niveau und Alter in meinem sch\u00f6nen Proberaum in Berlin-Kreuzberg an. Ich bin Florian Bergmann (geboren 1984 in Berlin) und habe von 2004 bis 2009 an der Hochschule f\u00fcr Musik \u201eHanns Eisler\u201c und an der Universit\u00e4t der K\u00fcnste Berlin Saxophon und Klarinette studiert. Seitdem bin ich [&hellip;]<\/p>\n","protected":false},"author":2,"featured_media":0,"parent":0,"menu_order":8,"comment_status":"closed","ping_status":"closed","template":"page-full-width.php","meta":{"footnotes":""},"class_list":["post-10144","page","type-page","status-publish","hentry"],"_links":{"self":[{"href":"http:\/\/www.florian-bergmann.com\/wordpress\/wp-json\/wp\/v2\/pages\/10144","targetHints":{"allow":["GET"]}}],"collection":[{"href":"http:\/\/www.florian-bergmann.com\/wordpress\/wp-json\/wp\/v2\/pages"}],"about":[{"href":"http:\/\/www.florian-bergmann.com\/wordpress\/wp-json\/wp\/v2\/types\/page"}],"author":[{"embeddable":true,"href":"http:\/\/www.florian-bergmann.com\/wordpress\/wp-json\/wp\/v2\/users\/2"}],"replies":[{"embeddable":true,"href":"http:\/\/www.florian-bergmann.com\/wordpress\/wp-json\/wp\/v2\/comments?post=10144"}],"version-history":[{"count":76,"href":"http:\/\/www.florian-bergmann.com\/wordpress\/wp-json\/wp\/v2\/pages\/10144\/revisions"}],"predecessor-version":[{"id":12156,"href":"http:\/\/www.florian-bergmann.com\/wordpress\/wp-json\/wp\/v2\/pages\/10144\/revisions\/12156"}],"wp:attachment":[{"href":"http:\/\/www.florian-bergmann.com\/wordpress\/wp-json\/wp\/v2\/media?parent=10144"}],"curies":[{"name":"wp","href":"https:\/\/api.w.org\/{rel}","templated":true}]}}